{"id":3762,"date":"2025-12-29T13:45:01","date_gmt":"2025-12-29T13:45:01","guid":{"rendered":"https:\/\/hmplast-emballage.com\/?post_type=product&#038;p=3762"},"modified":"2025-12-30T10:05:46","modified_gmt":"2025-12-30T10:05:46","slug":"coeur-elegant","status":"publish","type":"product","link":"https:\/\/hmplast-emballage.com\/?product=coeur-elegant","title":{"rendered":"C\u0153ur \u00c9l\u00e9gant"},"content":{"rendered":"","protected":false},"excerpt":{"rendered":"<ul>\n<li class=\"product_title entry-title\">Couleur: Transparent.<\/li>\n<li class=\"product_title entry-title\">R\u00e9f\u00e9rence: 000189.<\/li>\n<li class=\"product_title entry-title\">Quantit\u00e9: 36\u00a0 Unit\u00e9s\/Carton.<\/li>\n<li class=\"product_title entry-title\">Colisage: 02 Unit\u00e9s\/Paquet.<\/li>\n<li class=\"product_title entry-title\">Dimension: 16x14x07 cm.<\/li>\n<li class=\"product_title entry-title\">Contenance: 92 cl.<\/li>\n<\/ul>\n","protected":false},"featured_media":3711,"comment_status":"open","ping_status":"closed","template":"","meta":{"site-sidebar-layout":"default","site-content-layout":"","ast-site-content-layout":"default","site-content-style":"default","site-sidebar-style":"default","ast-global-header-display":"","ast-banner-title-visibility":"","ast-main-header-display":"","ast-hfb-above-header-display":"","ast-hfb-below-header-display":"","ast-hfb-mobile-header-display":"","site-post-title":"","ast-breadcrumbs-content":"","ast-featured-img":"","footer-sml-layout":"","theme-transparent-header-meta":"default","adv-header-id-meta":"","stick-header-meta":"","header-above-stick-meta":"","header-main-stick-meta":"","header-below-stick-meta":"","astra-migrate-meta-layouts":"set","ast-page-background-enabled":"default","ast-page-background-meta":{"desktop":{"background-color":"var(--ast-global-color-4)","background-image":"","background-repeat":"repeat","background-position":"center center","background-size":"auto","background-attachment":"scroll","background-type":"","background-media":"","overlay-type":"","overlay-color":"","overlay-opacity":"","overlay-gradient":""},"tablet":{"background-color":"","background-image":"","background-repeat":"repeat","background-position":"center center","background-size":"auto","background-attachment":"scroll","background-type":"","background-media":"","overlay-type":"","overlay-color":"","overlay-opacity":"","overlay-gradient":""},"mobile":{"background-color":"","background-image":"","background-repeat":"repeat","background-position":"center center","background-size":"auto","background-attachment":"scroll","background-type":"","background-media":"","overlay-type":"","overlay-color":"","overlay-opacity":"","overlay-gradient":""}},"ast-content-background-meta":{"desktop":{"background-color":"var(--ast-global-color-5)","background-image":"","background-repeat":"repeat","background-position":"center center","background-size":"auto","background-attachment":"scroll","background-type":"","background-media":"","overlay-type":"","overlay-color":"","overlay-opacity":"","overlay-gradient":""},"tablet":{"background-color":"var(--ast-global-color-5)","background-image":"","background-repeat":"repeat","background-position":"center center","background-size":"auto","background-attachment":"scroll","background-type":"","background-media":"","overlay-type":"","overlay-color":"","overlay-opacity":"","overlay-gradient":""},"mobile":{"background-color":"var(--ast-global-color-5)","background-image":"","background-repeat":"repeat","background-position":"center center","background-size":"auto","background-attachment":"scroll","background-type":"","background-media":"","overlay-type":"","overlay-color":"","overlay-opacity":"","overlay-gradient":""}}},"product_brand":[],"product_cat":[30],"product_tag":[],"class_list":{"0":"post-3762","1":"product","2":"type-product","3":"status-publish","4":"has-post-thumbnail","6":"product_cat-evenementiel","7":"desktop-align-left","8":"tablet-align-left","9":"mobile-align-left","11":"first","12":"instock","13":"shipping-taxable","14":"product-type-simple"},"_links":{"self":[{"href":"https:\/\/hmplast-emballage.com\/index.php?rest_route=\/wp\/v2\/product\/3762","targetHints":{"allow":["GET"]}}],"collection":[{"href":"https:\/\/hmplast-emballage.com\/index.php?rest_route=\/wp\/v2\/product"}],"about":[{"href":"https:\/\/hmplast-emballage.com\/index.php?rest_route=\/wp\/v2\/types\/product"}],"replies":[{"embeddable":true,"href":"https:\/\/hmplast-emballage.com\/index.php?rest_route=%2Fwp%2Fv2%2Fcomments&post=3762"}],"wp:featuredmedia":[{"embeddable":true,"href":"https:\/\/hmplast-emballage.com\/index.php?rest_route=\/wp\/v2\/media\/3711"}],"wp:attachment":[{"href":"https:\/\/hmplast-emballage.com\/index.php?rest_route=%2Fwp%2Fv2%2Fmedia&parent=3762"}],"wp:term":[{"taxonomy":"product_brand","embeddable":true,"href":"https:\/\/hmplast-emballage.com\/index.php?rest_route=%2Fwp%2Fv2%2Fproduct_brand&post=3762"},{"taxonomy":"product_cat","embeddable":true,"href":"https:\/\/hmplast-emballage.com\/index.php?rest_route=%2Fwp%2Fv2%2Fproduct_cat&post=3762"},{"taxonomy":"product_tag","embeddable":true,"href":"https:\/\/hmplast-emballage.com\/index.php?rest_route=%2Fwp%2Fv2%2Fproduct_tag&post=3762"}],"curies":[{"name":"wp","href":"https:\/\/api.w.org\/{rel}","templated":true}]}}